{"id":944,"date":"2013-10-27T19:46:20","date_gmt":"2013-10-27T18:46:20","guid":{"rendered":"https:\/\/colorsmile.nl\/csm\/?page_id=944"},"modified":"2026-01-18T23:28:33","modified_gmt":"2026-01-18T22:28:33","slug":"nieuws","status":"publish","type":"page","link":"https:\/\/colorsmile.nl\/csm\/nieuws\/","title":{"rendered":"Nieuws"},"content":{"rendered":"\n<div class=\"wp-block-group is-layout-constrained wp-container-core-group-is-layout-73405a87 wp-block-group-is-layout-constrained\"><figure class=\"wp-block-ub-image size-large is-resized\" id=\"ub-image-\"><img decoding=\"async\" src=\"https:\/\/colorsmile.nl\/csm\/wp-content\/uploads\/csnm.png\" alt=\"\" class=\"wp-image-1\" style=\"width: 229px; height: 187.0339366515837px; \"><\/figure>\n\n\n<h2 class=\"wp-block-heading\">Uit de media<\/h2>\n\n\n<div class=\"wp-block-ub-divider ub_divider ub-divider-orientation-horizontal\" id=\"ub_divider_f6cd343d-094b-4fb6-87d9-4bdef6d89576\"><div class=\"ub_divider_wrapper\" style=\"position: relative; margin-bottom: 10px; width: 100%; height: 10px; \" data-divider-alignment=\"center\"><div class=\"ub_divider_line\" style=\"border-top: 5px dotted #10659C; margin-top: 10px; \"><\/div><\/div><\/div>\n\n\n<div class=\"wp-block-columns is-layout-flex wp-container-core-columns-is-layout-28f84493 wp-block-columns-is-layout-flex\">\n<div class=\"wp-block-column is-layout-flow wp-block-column-is-layout-flow\" style=\"padding-top:20px;padding-right:20px;padding-bottom:20px;padding-left:20px;flex-basis:40%\">\n<figure class=\"wp-block-image alignleft size-full is-resized\"><img loading=\"lazy\" decoding=\"async\" width=\"400\" height=\"230\" src=\"https:\/\/colorsmile.nl\/csm\/wp-content\/uploads\/Gezond-dieet.png\" alt=\"\" class=\"wp-image-7483\" style=\"aspect-ratio:1.1616161616161615;width:330px\" srcset=\"https:\/\/colorsmile.nl\/csm\/wp-content\/uploads\/Gezond-dieet.png 400w, https:\/\/colorsmile.nl\/csm\/wp-content\/uploads\/Gezond-dieet-100x58.png 100w, https:\/\/colorsmile.nl\/csm\/wp-content\/uploads\/Gezond-dieet-150x86.png 150w, https:\/\/colorsmile.nl\/csm\/wp-content\/uploads\/Gezond-dieet-200x115.png 200w, https:\/\/colorsmile.nl\/csm\/wp-content\/uploads\/Gezond-dieet-300x173.png 300w\" sizes=\"auto, (max-width: 400px) 100vw, 400px\" \/><\/figure>\n<\/div>\n\n\n\n<div class=\"wp-block-column is-layout-flow wp-block-column-is-layout-flow\" style=\"padding-top:20px;padding-right:20px;padding-bottom:20px;padding-left:20px;flex-basis:60%\">\n<h4 class=\"wp-block-heading\">Meer aandacht voor parodontale risicofactoren<\/h4>\n\n\n\n<p>Bron: Dental INFO, september 2023, De heersende opvatting is, dat parodontitis een risicofactor vormt voor systemische aandoeningen, zoals hart- en vaatziekten, diabetes mellitus type 2 en ademhalingsaandoeningen, alsmede voor ongewenste zwangerschapsuitkomsten, terwijl een causaal verband tot nu toe niet kan worden aangetoond. Uit de publicatie Periodontal Disease and Other Adverse Health Outcomes Share Risk Factors, including Dietary Factors and Vitamin D Status blijkt nu dat parodontitis en systemische aandoeningen dezelfde gemeenschappelijke modificeerbare risicofactoren hebben (Grant et al. 2023). Wat betekent dit nieuwe inzicht voor de mondzorgpraktijk?<br><a href=\"https:\/\/colorsmile.nl\/csm\/meer-aandacht-voor-parodontale-risicofactoren\/\" target=\"_blank\" rel=\"noreferrer noopener\"><strong>LEES MEER<\/strong>&#8230;..<\/a><\/p>\n<\/div>\n<\/div>\n\n\n<div class=\"wp-block-ub-divider ub_divider ub-divider-orientation-horizontal\" id=\"ub_divider_46bea403-3c21-4782-9213-799935caecf5\"><div class=\"ub_divider_wrapper\" style=\"position: relative; margin-bottom: 10px; width: 100%; height: 10px; \" data-divider-alignment=\"center\"><div class=\"ub_divider_line\" style=\"border-top: 5px dotted #10659C; margin-top: 10px; \"><\/div><\/div><\/div>\n\n\n<div class=\"wp-block-columns is-layout-flex wp-container-core-columns-is-layout-28f84493 wp-block-columns-is-layout-flex\">\n<div class=\"wp-block-column is-layout-flow wp-block-column-is-layout-flow\" style=\"padding-top:20px;padding-right:20px;padding-bottom:20px;padding-left:20px;flex-basis:40%\">\n<figure class=\"wp-block-image alignleft size-large is-resized\"><img loading=\"lazy\" decoding=\"async\" width=\"900\" height=\"600\" src=\"https:\/\/colorsmile.nl\/csm\/wp-content\/uploads\/mondzorg-c-900x600.png\" alt=\"\" class=\"wp-image-7236\" style=\"object-fit:cover;width:330px;height:196px\" srcset=\"https:\/\/colorsmile.nl\/csm\/wp-content\/uploads\/mondzorg-c-900x600.png 900w, https:\/\/colorsmile.nl\/csm\/wp-content\/uploads\/mondzorg-c-405x270.png 405w, https:\/\/colorsmile.nl\/csm\/wp-content\/uploads\/mondzorg-c-768x512.png 768w, https:\/\/colorsmile.nl\/csm\/wp-content\/uploads\/mondzorg-c-100x67.png 100w, https:\/\/colorsmile.nl\/csm\/wp-content\/uploads\/mondzorg-c-150x100.png 150w, https:\/\/colorsmile.nl\/csm\/wp-content\/uploads\/mondzorg-c-200x133.png 200w, https:\/\/colorsmile.nl\/csm\/wp-content\/uploads\/mondzorg-c-300x200.png 300w, https:\/\/colorsmile.nl\/csm\/wp-content\/uploads\/mondzorg-c-450x300.png 450w, https:\/\/colorsmile.nl\/csm\/wp-content\/uploads\/mondzorg-c-600x400.png 600w, https:\/\/colorsmile.nl\/csm\/wp-content\/uploads\/mondzorg-c.png 1200w\" sizes=\"auto, (max-width: 900px) 100vw, 900px\" \/><\/figure>\n<\/div>\n\n\n\n<div class=\"wp-block-column is-layout-flow wp-block-column-is-layout-flow\" style=\"padding-top:20px;padding-right:20px;padding-bottom:20px;padding-left:20px;flex-basis:60%\">\n<h4 class=\"wp-block-heading\">Omroep MAX geeft in consumentenprogramma Meldpunt een ongenuanceerd en eenzijdig beeld tarieven mondhygi\u00ebnisten.<\/h4>\n\n\n\n<p>Bron: NVM, mei 2023, NVM-mondhygi\u00ebnisten herkent zich volstrekt niet in het beeld van Omroep MAX dat de tarieven van mondhygi\u00ebnisten onnodig te hoog zijn. Deze tarieven zijn vastgesteld door de Nederlandse Zorgautoriteit en zijn volstrekt transparant. Zij stellen de tarieven vast op basis van kostenonderzoeken. <br><a href=\"https:\/\/colorsmile.nl\/csm\/desinformatie-door-omroep-max\/\" target=\"_blank\" rel=\"noreferrer noopener\"><strong>LEES MEER<\/strong>&#8230;..<\/a><\/p>\n<\/div>\n<\/div>\n\n\n<div class=\"wp-block-ub-divider ub_divider ub-divider-orientation-horizontal\" id=\"ub_divider_f62368bb-fa51-44f0-b8ad-dde80b1d8e65\"><div class=\"ub_divider_wrapper\" style=\"position: relative; margin-bottom: 10px; width: 100%; height: 10px; \" data-divider-alignment=\"center\"><div class=\"ub_divider_line\" style=\"border-top: 5px dotted #10659C; margin-top: 10px; \"><\/div><\/div><\/div>\n\n\n<div class=\"wp-block-columns is-layout-flex wp-container-core-columns-is-layout-28f84493 wp-block-columns-is-layout-flex\">\n<div class=\"wp-block-column is-layout-flow wp-block-column-is-layout-flow\" style=\"padding-top:20px;padding-right:20px;padding-bottom:20px;padding-left:20px;flex-basis:40%\">\n<figure class=\"wp-block-image alignleft size-large is-resized\"><img loading=\"lazy\" decoding=\"async\" width=\"900\" height=\"506\" src=\"https:\/\/colorsmile.nl\/csm\/wp-content\/uploads\/mondverzorging-1188x668--900x506.png\" alt=\"\" class=\"wp-image-7215\" style=\"object-fit:cover;width:330px;height:190px\" srcset=\"https:\/\/colorsmile.nl\/csm\/wp-content\/uploads\/mondverzorging-1188x668--900x506.png 900w, https:\/\/colorsmile.nl\/csm\/wp-content\/uploads\/mondverzorging-1188x668--480x270.png 480w, https:\/\/colorsmile.nl\/csm\/wp-content\/uploads\/mondverzorging-1188x668--768x432.png 768w, https:\/\/colorsmile.nl\/csm\/wp-content\/uploads\/mondverzorging-1188x668--100x56.png 100w, https:\/\/colorsmile.nl\/csm\/wp-content\/uploads\/mondverzorging-1188x668--150x84.png 150w, https:\/\/colorsmile.nl\/csm\/wp-content\/uploads\/mondverzorging-1188x668--200x112.png 200w, https:\/\/colorsmile.nl\/csm\/wp-content\/uploads\/mondverzorging-1188x668--300x169.png 300w, https:\/\/colorsmile.nl\/csm\/wp-content\/uploads\/mondverzorging-1188x668--450x253.png 450w, https:\/\/colorsmile.nl\/csm\/wp-content\/uploads\/mondverzorging-1188x668--600x337.png 600w, https:\/\/colorsmile.nl\/csm\/wp-content\/uploads\/mondverzorging-1188x668-.png 1188w\" sizes=\"auto, (max-width: 900px) 100vw, 900px\" \/><\/figure>\n<\/div>\n\n\n\n<div class=\"wp-block-column is-layout-flow wp-block-column-is-layout-flow\" style=\"padding-top:20px;padding-right:20px;padding-bottom:20px;padding-left:20px;flex-basis:60%\">\n<h4 class=\"wp-block-heading\">Betere mondverzorging nodig door minder tandartsbezoek<\/h4>\n\n\n\n<p>Bron: GSK, april 2021, De coronapandemie blijkt onder andere de zorgen om naar een tandarts te gaan te hebben vergroot. 30% van de respondenten ging tijdens de pandemie minder naar de tandarts. Bij 45% hiervan waren kosten de grootste zorg om te gaan, bij 43% was dit de angst voor een coronabesmetting.&nbsp;<br>Het nalaten van tandartsbezoeken werd bij een meerderheid van de respondenten niet gecompenseerd door een betere eigen mondverzorging tijdens de pandemie.<br> <a href=\"https:\/\/colorsmile.nl\/csm\/betere-mondverzorging-nodig\/\" target=\"_blank\" rel=\"noreferrer noopener\"><strong>LEES MEER<\/strong>&#8230;..<\/a><\/p>\n<\/div>\n<\/div>\n\n\n<div class=\"wp-block-ub-divider ub_divider ub-divider-orientation-horizontal\" id=\"ub_divider_68a295b7-993c-4083-b309-21146a535984\"><div class=\"ub_divider_wrapper\" style=\"position: relative; margin-bottom: 10px; width: 100%; height: 10px; \" data-divider-alignment=\"center\"><div class=\"ub_divider_line\" style=\"border-top: 5px dotted #10659c; margin-top: 10px; \"><\/div><\/div><\/div>\n\n\n<div class=\"wp-block-columns is-layout-flex wp-container-core-columns-is-layout-28f84493 wp-block-columns-is-layout-flex\">\n<div class=\"wp-block-column is-layout-flow wp-block-column-is-layout-flow\" style=\"padding-top:20px;padding-right:20px;padding-bottom:20px;padding-left:20px;flex-basis:40%\">\n<figure class=\"wp-block-image alignleft size-full is-resized\"><img loading=\"lazy\" decoding=\"async\" width=\"400\" height=\"230\" src=\"https:\/\/colorsmile.nl\/csm\/wp-content\/uploads\/victoria.png\" alt=\"\" class=\"wp-image-7218\" style=\"object-fit:cover;width:330px;height:190px\" srcset=\"https:\/\/colorsmile.nl\/csm\/wp-content\/uploads\/victoria.png 400w, https:\/\/colorsmile.nl\/csm\/wp-content\/uploads\/victoria-100x58.png 100w, https:\/\/colorsmile.nl\/csm\/wp-content\/uploads\/victoria-150x86.png 150w, https:\/\/colorsmile.nl\/csm\/wp-content\/uploads\/victoria-200x115.png 200w, https:\/\/colorsmile.nl\/csm\/wp-content\/uploads\/victoria-300x173.png 300w\" sizes=\"auto, (max-width: 400px) 100vw, 400px\" \/><\/figure>\n<\/div>\n\n\n\n<div class=\"wp-block-column is-layout-flow wp-block-column-is-layout-flow\" style=\"padding-top:20px;padding-right:20px;padding-bottom:20px;padding-left:20px;flex-basis:60%\">\n<h4 class=\"wp-block-heading\">Is er een link tussen mondgezondheid en<br>complicaties bij corona?<\/h4>\n\n\n\n<p>Bron: Dental Info, oktober 2020, In deze video vertelt de Londense tandarts Victoria Sampson over het belang van een gezonde mond. Zeker nu er een corona-epidemie is. <br><a href=\"https:\/\/colorsmile.nl\/csm\/mondgezondheid-en-corona\/\" target=\"_blank\" rel=\"noreferrer noopener\"><strong>LEES MEER&#8230;..<\/strong><\/a><\/p>\n<\/div>\n<\/div>\n\n\n<div class=\"wp-block-ub-divider ub_divider ub-divider-orientation-horizontal\" id=\"ub_divider_3e726d25-bc5a-4dbd-8c32-0304810a24b7\"><div class=\"ub_divider_wrapper\" style=\"position: relative; margin-bottom: 10px; width: 100%; height: 10px; \" data-divider-alignment=\"center\"><div class=\"ub_divider_line\" style=\"border-top: 5px dotted #10659C; margin-top: 10px; \"><\/div><\/div><\/div><\/div>\n\n\n\n<p><\/p>\n","protected":false},"excerpt":{"rendered":"<p>Uit de media Meer aandacht voor parodontale risicofactoren Bron: Dental INFO, september 2023, De heersende opvatting is, dat parodontitis een [&hellip;]<\/p>\n","protected":false},"author":3,"featured_media":0,"parent":0,"menu_order":0,"comment_status":"closed","ping_status":"closed","template":"","meta":{"site-sidebar-layout":"default","site-content-layout":"","ast-site-content-layout":"default","site-content-style":"default","site-sidebar-style":"default","ast-global-header-display":"","ast-banner-title-visibility":"","ast-main-header-display":"","ast-hfb-above-header-display":"","ast-hfb-below-header-display":"","ast-hfb-mobile-header-display":"","site-post-title":"disabled","ast-breadcrumbs-content":"","ast-featured-img":"","footer-sml-layout":"","ast-disable-related-posts":"","theme-transparent-header-meta":"","adv-header-id-meta":"","stick-header-meta":"","header-above-stick-meta":"","header-main-stick-meta":"","header-below-stick-meta":"","astra-migrate-meta-layouts":"default","ast-page-background-enabled":"default","ast-page-background-meta":{"desktop":{"background-color":"var(--ast-global-color-5)","background-image":"","background-repeat":"repeat","background-position":"center center","background-size":"auto","background-attachment":"scroll","background-type":"","background-media":"","overlay-type":"","overlay-color":"","overlay-opacity":"","overlay-gradient":""},"tablet":{"background-color":"","background-image":"","background-repeat":"repeat","background-position":"center center","background-size":"auto","background-attachment":"scroll","background-type":"","background-media":"","overlay-type":"","overlay-color":"","overlay-opacity":"","overlay-gradient":""},"mobile":{"background-color":"","background-image":"","background-repeat":"repeat","background-position":"center center","background-size":"auto","background-attachment":"scroll","background-type":"","background-media":"","overlay-type":"","overlay-color":"","overlay-opacity":"","overlay-gradient":""}},"ast-content-background-meta":{"desktop":{"background-color":"var(--ast-global-color-4)","background-image":"","background-repeat":"repeat","background-position":"center center","background-size":"auto","background-attachment":"scroll","background-type":"","background-media":"","overlay-type":"","overlay-color":"","overlay-opacity":"","overlay-gradient":""},"tablet":{"background-color":"var(--ast-global-color-4)","background-image":"","background-repeat":"repeat","background-position":"center center","background-size":"auto","background-attachment":"scroll","background-type":"","background-media":"","overlay-type":"","overlay-color":"","overlay-opacity":"","overlay-gradient":""},"mobile":{"background-color":"var(--ast-global-color-4)","background-image":"","background-repeat":"repeat","background-position":"center center","background-size":"auto","background-attachment":"scroll","background-type":"","background-media":"","overlay-type":"","overlay-color":"","overlay-opacity":"","overlay-gradient":""}},"_glsr_average":0,"_glsr_ranking":0,"_glsr_reviews":0,"footnotes":""},"class_list":["post-944","page","type-page","status-publish","hentry"],"featured_image_src":null,"yoast_head":"<!-- This site is optimized with the Yoast SEO plugin v27.4 - https:\/\/yoast.com\/product\/yoast-seo-wordpress\/ -->\n<title>NIEUWS UIT DE MEDIA | COLORSMILE Mondhygi\u00ebnepraktijk Best<\/title>\n<meta name=\"description\" content=\"Mondhygi\u00ebnepraktijk Colorsmile Best | Informatie-website over nieuws uit de media met betrekking tot Mondhygi\u00ebne en Mondzorg.\" \/>\n<meta name=\"robots\" content=\"index, follow, max-snippet:-1, max-image-preview:large, max-video-preview:-1\" \/>\n<link rel=\"canonical\" href=\"https:\/\/colorsmile.nl\/csm\/nieuws\/\" \/>\n<meta property=\"og:locale\" content=\"nl_NL\" \/>\n<meta property=\"og:type\" content=\"article\" \/>\n<meta property=\"og:title\" content=\"NIEUWS UIT DE MEDIA | COLORSMILE Mondhygi\u00ebnepraktijk Best\" \/>\n<meta property=\"og:description\" content=\"Mondhygi\u00ebnepraktijk Colorsmile Best | Informatie-website over nieuws uit de media met betrekking tot Mondhygi\u00ebne en Mondzorg.\" \/>\n<meta property=\"og:url\" content=\"https:\/\/colorsmile.nl\/csm\/nieuws\/\" \/>\n<meta property=\"og:site_name\" content=\"Praktijk voor Mondhygi\u00ebne, Daniella Schaap\" \/>\n<meta property=\"article:modified_time\" content=\"2026-01-18T22:28:33+00:00\" \/>\n<meta property=\"og:image\" content=\"https:\/\/colorsmile.nl\/csm\/wp-content\/uploads\/Gezond-dieet.png\" \/>\n<meta name=\"twitter:card\" content=\"summary_large_image\" \/>\n<meta name=\"twitter:label1\" content=\"Geschatte leestijd\" \/>\n\t<meta name=\"twitter:data1\" content=\"3 minuten\" \/>\n<script type=\"application\/ld+json\" class=\"yoast-schema-graph\">{\"@context\":\"https:\\\/\\\/schema.org\",\"@graph\":[{\"@type\":\"WebPage\",\"@id\":\"https:\\\/\\\/colorsmile.nl\\\/csm\\\/nieuws\\\/\",\"url\":\"https:\\\/\\\/colorsmile.nl\\\/csm\\\/nieuws\\\/\",\"name\":\"NIEUWS UIT DE MEDIA | COLORSMILE Mondhygi\u00ebnepraktijk Best\",\"isPartOf\":{\"@id\":\"https:\\\/\\\/colorsmile.nl\\\/csm\\\/#website\"},\"primaryImageOfPage\":{\"@id\":\"https:\\\/\\\/colorsmile.nl\\\/csm\\\/nieuws\\\/#primaryimage\"},\"image\":{\"@id\":\"https:\\\/\\\/colorsmile.nl\\\/csm\\\/nieuws\\\/#primaryimage\"},\"thumbnailUrl\":\"https:\\\/\\\/colorsmile.nl\\\/csm\\\/wp-content\\\/uploads\\\/Gezond-dieet.png\",\"datePublished\":\"2013-10-27T18:46:20+00:00\",\"dateModified\":\"2026-01-18T22:28:33+00:00\",\"description\":\"Mondhygi\u00ebnepraktijk Colorsmile Best | Informatie-website over nieuws uit de media met betrekking tot Mondhygi\u00ebne en Mondzorg.\",\"breadcrumb\":{\"@id\":\"https:\\\/\\\/colorsmile.nl\\\/csm\\\/nieuws\\\/#breadcrumb\"},\"inLanguage\":\"nl-NL\",\"potentialAction\":[{\"@type\":\"ReadAction\",\"target\":[\"https:\\\/\\\/colorsmile.nl\\\/csm\\\/nieuws\\\/\"]}]},{\"@type\":\"ImageObject\",\"inLanguage\":\"nl-NL\",\"@id\":\"https:\\\/\\\/colorsmile.nl\\\/csm\\\/nieuws\\\/#primaryimage\",\"url\":\"https:\\\/\\\/colorsmile.nl\\\/csm\\\/wp-content\\\/uploads\\\/Gezond-dieet.png\",\"contentUrl\":\"https:\\\/\\\/colorsmile.nl\\\/csm\\\/wp-content\\\/uploads\\\/Gezond-dieet.png\",\"width\":400,\"height\":230},{\"@type\":\"BreadcrumbList\",\"@id\":\"https:\\\/\\\/colorsmile.nl\\\/csm\\\/nieuws\\\/#breadcrumb\",\"itemListElement\":[{\"@type\":\"ListItem\",\"position\":1,\"name\":\"Home\",\"item\":\"https:\\\/\\\/colorsmile.nl\\\/csm\\\/\"},{\"@type\":\"ListItem\",\"position\":2,\"name\":\"Nieuws\"}]},{\"@type\":\"WebSite\",\"@id\":\"https:\\\/\\\/colorsmile.nl\\\/csm\\\/#website\",\"url\":\"https:\\\/\\\/colorsmile.nl\\\/csm\\\/\",\"name\":\"Praktijk voor Mondhygi\u00ebne, Daniella Schaap\",\"description\":\"Damvelden 6, 5685 JE  BEST \\\/ info@colorsmile.nl\",\"publisher\":{\"@id\":\"https:\\\/\\\/colorsmile.nl\\\/csm\\\/#\\\/schema\\\/person\\\/be5004fedbad9402d0ae19dfc963cdca\"},\"alternateName\":\"Colorsmile - Daniella Schaap\",\"potentialAction\":[{\"@type\":\"SearchAction\",\"target\":{\"@type\":\"EntryPoint\",\"urlTemplate\":\"https:\\\/\\\/colorsmile.nl\\\/csm\\\/?s={search_term_string}\"},\"query-input\":{\"@type\":\"PropertyValueSpecification\",\"valueRequired\":true,\"valueName\":\"search_term_string\"}}],\"inLanguage\":\"nl-NL\"},{\"@type\":[\"Person\",\"Organization\"],\"@id\":\"https:\\\/\\\/colorsmile.nl\\\/csm\\\/#\\\/schema\\\/person\\\/be5004fedbad9402d0ae19dfc963cdca\",\"name\":\"Daniella Schaap\",\"image\":{\"@type\":\"ImageObject\",\"inLanguage\":\"nl-NL\",\"@id\":\"https:\\\/\\\/colorsmile.nl\\\/csm\\\/wp-content\\\/uploads\\\/HEADERLOGO1COLORSMILE-3.png\",\"url\":\"https:\\\/\\\/colorsmile.nl\\\/csm\\\/wp-content\\\/uploads\\\/HEADERLOGO1COLORSMILE-3.png\",\"contentUrl\":\"https:\\\/\\\/colorsmile.nl\\\/csm\\\/wp-content\\\/uploads\\\/HEADERLOGO1COLORSMILE-3.png\",\"width\":1915,\"height\":323,\"caption\":\"Daniella Schaap\"},\"logo\":{\"@id\":\"https:\\\/\\\/colorsmile.nl\\\/csm\\\/wp-content\\\/uploads\\\/HEADERLOGO1COLORSMILE-3.png\"}}]}<\/script>\n<!-- \/ Yoast SEO plugin. -->","yoast_head_json":{"title":"NIEUWS UIT DE MEDIA | COLORSMILE Mondhygi\u00ebnepraktijk Best","description":"Mondhygi\u00ebnepraktijk Colorsmile Best | Informatie-website over nieuws uit de media met betrekking tot Mondhygi\u00ebne en Mondzorg.","robots":{"index":"index","follow":"follow","max-snippet":"max-snippet:-1","max-image-preview":"max-image-preview:large","max-video-preview":"max-video-preview:-1"},"canonical":"https:\/\/colorsmile.nl\/csm\/nieuws\/","og_locale":"nl_NL","og_type":"article","og_title":"NIEUWS UIT DE MEDIA | COLORSMILE Mondhygi\u00ebnepraktijk Best","og_description":"Mondhygi\u00ebnepraktijk Colorsmile Best | Informatie-website over nieuws uit de media met betrekking tot Mondhygi\u00ebne en Mondzorg.","og_url":"https:\/\/colorsmile.nl\/csm\/nieuws\/","og_site_name":"Praktijk voor Mondhygi\u00ebne, Daniella Schaap","article_modified_time":"2026-01-18T22:28:33+00:00","og_image":[{"url":"https:\/\/colorsmile.nl\/csm\/wp-content\/uploads\/Gezond-dieet.png","type":"","width":"","height":""}],"twitter_card":"summary_large_image","twitter_misc":{"Geschatte leestijd":"3 minuten"},"schema":{"@context":"https:\/\/schema.org","@graph":[{"@type":"WebPage","@id":"https:\/\/colorsmile.nl\/csm\/nieuws\/","url":"https:\/\/colorsmile.nl\/csm\/nieuws\/","name":"NIEUWS UIT DE MEDIA | COLORSMILE Mondhygi\u00ebnepraktijk Best","isPartOf":{"@id":"https:\/\/colorsmile.nl\/csm\/#website"},"primaryImageOfPage":{"@id":"https:\/\/colorsmile.nl\/csm\/nieuws\/#primaryimage"},"image":{"@id":"https:\/\/colorsmile.nl\/csm\/nieuws\/#primaryimage"},"thumbnailUrl":"https:\/\/colorsmile.nl\/csm\/wp-content\/uploads\/Gezond-dieet.png","datePublished":"2013-10-27T18:46:20+00:00","dateModified":"2026-01-18T22:28:33+00:00","description":"Mondhygi\u00ebnepraktijk Colorsmile Best | Informatie-website over nieuws uit de media met betrekking tot Mondhygi\u00ebne en Mondzorg.","breadcrumb":{"@id":"https:\/\/colorsmile.nl\/csm\/nieuws\/#breadcrumb"},"inLanguage":"nl-NL","potentialAction":[{"@type":"ReadAction","target":["https:\/\/colorsmile.nl\/csm\/nieuws\/"]}]},{"@type":"ImageObject","inLanguage":"nl-NL","@id":"https:\/\/colorsmile.nl\/csm\/nieuws\/#primaryimage","url":"https:\/\/colorsmile.nl\/csm\/wp-content\/uploads\/Gezond-dieet.png","contentUrl":"https:\/\/colorsmile.nl\/csm\/wp-content\/uploads\/Gezond-dieet.png","width":400,"height":230},{"@type":"BreadcrumbList","@id":"https:\/\/colorsmile.nl\/csm\/nieuws\/#breadcrumb","itemListElement":[{"@type":"ListItem","position":1,"name":"Home","item":"https:\/\/colorsmile.nl\/csm\/"},{"@type":"ListItem","position":2,"name":"Nieuws"}]},{"@type":"WebSite","@id":"https:\/\/colorsmile.nl\/csm\/#website","url":"https:\/\/colorsmile.nl\/csm\/","name":"Praktijk voor Mondhygi\u00ebne, Daniella Schaap","description":"Damvelden 6, 5685 JE  BEST \/ info@colorsmile.nl","publisher":{"@id":"https:\/\/colorsmile.nl\/csm\/#\/schema\/person\/be5004fedbad9402d0ae19dfc963cdca"},"alternateName":"Colorsmile - Daniella Schaap","potentialAction":[{"@type":"SearchAction","target":{"@type":"EntryPoint","urlTemplate":"https:\/\/colorsmile.nl\/csm\/?s={search_term_string}"},"query-input":{"@type":"PropertyValueSpecification","valueRequired":true,"valueName":"search_term_string"}}],"inLanguage":"nl-NL"},{"@type":["Person","Organization"],"@id":"https:\/\/colorsmile.nl\/csm\/#\/schema\/person\/be5004fedbad9402d0ae19dfc963cdca","name":"Daniella Schaap","image":{"@type":"ImageObject","inLanguage":"nl-NL","@id":"https:\/\/colorsmile.nl\/csm\/wp-content\/uploads\/HEADERLOGO1COLORSMILE-3.png","url":"https:\/\/colorsmile.nl\/csm\/wp-content\/uploads\/HEADERLOGO1COLORSMILE-3.png","contentUrl":"https:\/\/colorsmile.nl\/csm\/wp-content\/uploads\/HEADERLOGO1COLORSMILE-3.png","width":1915,"height":323,"caption":"Daniella Schaap"},"logo":{"@id":"https:\/\/colorsmile.nl\/csm\/wp-content\/uploads\/HEADERLOGO1COLORSMILE-3.png"}}]}},"_links":{"self":[{"href":"https:\/\/colorsmile.nl\/csm\/wp-json\/wp\/v2\/pages\/944","targetHints":{"allow":["GET"]}}],"collection":[{"href":"https:\/\/colorsmile.nl\/csm\/wp-json\/wp\/v2\/pages"}],"about":[{"href":"https:\/\/colorsmile.nl\/csm\/wp-json\/wp\/v2\/types\/page"}],"author":[{"embeddable":true,"href":"https:\/\/colorsmile.nl\/csm\/wp-json\/wp\/v2\/users\/3"}],"replies":[{"embeddable":true,"href":"https:\/\/colorsmile.nl\/csm\/wp-json\/wp\/v2\/comments?post=944"}],"version-history":[{"count":8,"href":"https:\/\/colorsmile.nl\/csm\/wp-json\/wp\/v2\/pages\/944\/revisions"}],"predecessor-version":[{"id":8762,"href":"https:\/\/colorsmile.nl\/csm\/wp-json\/wp\/v2\/pages\/944\/revisions\/8762"}],"wp:attachment":[{"href":"https:\/\/colorsmile.nl\/csm\/wp-json\/wp\/v2\/media?parent=944"}],"curies":[{"name":"wp","href":"https:\/\/api.w.org\/{rel}","templated":true}]}}