{"id":857,"date":"2013-10-16T20:52:01","date_gmt":"2013-10-16T19:52:01","guid":{"rendered":"https:\/\/colorsmile.nl\/csm\/?page_id=857"},"modified":"2026-01-18T19:51:42","modified_gmt":"2026-01-18T18:51:42","slug":"kwaliteit","status":"publish","type":"page","link":"https:\/\/colorsmile.nl\/csm\/kwaliteit\/","title":{"rendered":"Kwaliteit"},"content":{"rendered":"\n<div class=\"wp-block-group is-layout-constrained wp-container-core-group-is-layout-73405a87 wp-block-group-is-layout-constrained\">\n<div class=\"wp-block-columns is-layout-flex wp-container-core-columns-is-layout-28f84493 wp-block-columns-is-layout-flex\">\n<div class=\"wp-block-column is-layout-flow wp-block-column-is-layout-flow\" style=\"flex-basis:70%\">\n<h2 class=\"wp-block-heading\">Kiezen voor kwaliteit<\/h2>\n\n\n\n<p>Daniella Schaap, is kwaliteits geregistreerd. Is aangesloten bij de beroepsorganisatie, de Nederlandse Vereniging van Mondhygi\u00ebnisten (NVM), lid van Ivorenkruis, lid van Nederlandse Vereniging voor Parodontologie en ingeschreven in het Kwaliteitsregister voor Mondhygi\u00ebnisten.<\/p>\n\n\n\n<p>Daniella Schaap, onderscheid zich door de ruime kennis en ervaring op het gebied van de parodontologie. Naast pati\u00ebnten met parodontitis en pati\u00ebnten met implantaten zijn ook angstige pati\u00ebnten hier aan het juiste adres. Zie ook onderstaande score cli\u00ebntervaringen.<\/p>\n\n\n\n<h2 class=\"wp-block-heading\">Patient-tevredenheid<\/h2>\n\n\n\n<p>Patientteveredenheid is heel belangrijk. Bent u niet tevreden, heeft u klachten&nbsp;of heeft u vragen dan willen we dat graag van u horen. Op deze manier kunnen we blijven werken aan kwaliteit en klanttevredenheid.<\/p>\n\n\n\n<p>Uw mondhygi\u00ebnist is aangesloten bij de klachtenregeling van<br><a href=\"https:\/\/www.mondhygienisten.nl\/klacht-over-je-mondhygienist\/\" target=\"_blank\" rel=\"noreferrer noopener\">NVM-mondhygi\u00ebnisten en de Stichting Geschilleninstantie Mondzorg&nbsp;(lees meer\u2026)<\/a>.<br>Wellicht komen we samen tot een oplossing. Indien dit niet lukt zal ik u doorverwijzen naar de NVM-klachtenregeling bij de ECKG.<\/p>\n\n\n\n<div class=\"wp-block-file\"><a id=\"wp-block-file--media-0a539234-30ce-4cc2-a4ea-96c02aa9636d\" href=\"https:\/\/colorsmile.nl\/csm\/wp-content\/uploads\/Klachtfolder-met-formulier-mondhygienisten_N-5-1.pdf\" target=\"_blank\" rel=\"noreferrer noopener\"><strong>Klachtfolder-met-formulier-mondhygienisten_N-5<\/strong><\/a><a href=\"https:\/\/colorsmile.nl\/csm\/wp-content\/uploads\/Klachtfolder-met-formulier-mondhygienisten_N-5-1.pdf\" class=\"wp-block-file__button wp-element-button\" download aria-describedby=\"wp-block-file--media-0a539234-30ce-4cc2-a4ea-96c02aa9636d\">Downloaden<\/a><\/div>\n\n\n\n<h2 class=\"wp-block-heading\">Zichtbare mondzorg<\/h2>\n\n\n\n<p>In 2012 heeft de eerste kwaliteitsmeting van het project Zichtbare Mondzorg plaatsgevonden. Deze uitvraag is verzorgd door de mondzorgkoepels (ANT, NMT, NVM, ONT, NVIJ en SRI). Het doel van de kwaliteitsmeting is om tot een set openbare kwaliteitsgegevens over de mondzorg te komen.<\/p>\n\n\n\n<h2 class=\"wp-block-heading\">Kwaliteitsmeting Mondzorg 2012<\/h2>\n\n\n\n<p>De eerste landelijke meting (voorjaar 2012) is uitgevoerd in samenwerking met het onafhankelijke onderzoeksbureau ITS te Nijmegen. <br>De website voor aanlevering van de gegevens is zichtbaremondzorg.nl.<\/p>\n\n\n\n<h2 class=\"wp-block-heading\">Cli\u00ebntervaringen praktijk voor mondhygi\u00ebne<\/h2>\n\n\n\n<figure class=\"wp-block-image size-full\"><img loading=\"lazy\" decoding=\"async\" width=\"500\" height=\"90\" src=\"https:\/\/colorsmile.nl\/csm\/wp-content\/uploads\/Colorsmile-logo-kl.png\" alt=\"\" class=\"wp-image-4976\" srcset=\"https:\/\/colorsmile.nl\/csm\/wp-content\/uploads\/Colorsmile-logo-kl.png 500w, https:\/\/colorsmile.nl\/csm\/wp-content\/uploads\/Colorsmile-logo-kl-480x86.png 480w, https:\/\/colorsmile.nl\/csm\/wp-content\/uploads\/Colorsmile-logo-kl-100x18.png 100w, https:\/\/colorsmile.nl\/csm\/wp-content\/uploads\/Colorsmile-logo-kl-150x27.png 150w, https:\/\/colorsmile.nl\/csm\/wp-content\/uploads\/Colorsmile-logo-kl-200x36.png 200w, https:\/\/colorsmile.nl\/csm\/wp-content\/uploads\/Colorsmile-logo-kl-300x54.png 300w, https:\/\/colorsmile.nl\/csm\/wp-content\/uploads\/Colorsmile-logo-kl-450x81.png 450w\" sizes=\"auto, (max-width: 500px) 100vw, 500px\" \/><\/figure>\n\n\n\n<p>De Cli\u00ebntervaringen van mondhygi\u00ebnepraktijk COLORSMILE zijn door onderzoeksbureau ITS berekend op basis van de vragenlijsten die door cli\u00ebnten van de praktijk zijn ingevuld.<\/p>\n\n\n\n<h3 class=\"wp-block-heading\">Cli\u00ebnttevredenheid totaalscore: 9,8<br>(score 0 tot 10)<\/h3>\n<\/div>\n\n\n\n<div class=\"wp-block-column is-vertically-aligned-top is-layout-flow wp-block-column-is-layout-flow\" style=\"flex-basis:30%\">\n<figure class=\"wp-block-image aligncenter size-large\"><img loading=\"lazy\" decoding=\"async\" width=\"600\" height=\"600\" src=\"https:\/\/colorsmile.nl\/csm\/wp-content\/uploads\/csok2-600x600.png\" alt=\"\" class=\"wp-image-2817\" srcset=\"https:\/\/colorsmile.nl\/csm\/wp-content\/uploads\/csok2-600x600.png 600w, https:\/\/colorsmile.nl\/csm\/wp-content\/uploads\/csok2-150x150.png 150w, https:\/\/colorsmile.nl\/csm\/wp-content\/uploads\/csok2-270x270.png 270w, https:\/\/colorsmile.nl\/csm\/wp-content\/uploads\/csok2-100x100.png 100w, https:\/\/colorsmile.nl\/csm\/wp-content\/uploads\/csok2-200x200.png 200w, https:\/\/colorsmile.nl\/csm\/wp-content\/uploads\/csok2-300x300.png 300w, https:\/\/colorsmile.nl\/csm\/wp-content\/uploads\/csok2-450x450.png 450w, https:\/\/colorsmile.nl\/csm\/wp-content\/uploads\/csok2.png 669w\" sizes=\"auto, (max-width: 600px) 100vw, 600px\" \/><\/figure>\n\n\n\n<figure class=\"wp-block-image aligncenter size-full is-resized\"><img loading=\"lazy\" decoding=\"async\" width=\"198\" height=\"73\" src=\"https:\/\/colorsmile.nl\/csm\/wp-content\/uploads\/zz_logo.jpg\" alt=\"\" class=\"wp-image-515\" style=\"width:234px;height:86px\"\/><\/figure>\n\n\n\n<figure class=\"wp-block-image aligncenter size-full is-resized\"><img loading=\"lazy\" decoding=\"async\" width=\"56\" height=\"52\" src=\"https:\/\/colorsmile.nl\/csm\/wp-content\/uploads\/logo_its.gif\" alt=\"\" class=\"wp-image-371\" style=\"width:107px;height:99px\"\/><\/figure>\n\n\n\n<figure class=\"wp-block-image size-full\"><img loading=\"lazy\" decoding=\"async\" width=\"374\" height=\"380\" src=\"https:\/\/colorsmile.nl\/csm\/wp-content\/uploads\/kwaliteit.jpg\" alt=\"\" class=\"wp-image-1055\" srcset=\"https:\/\/colorsmile.nl\/csm\/wp-content\/uploads\/kwaliteit.jpg 374w, https:\/\/colorsmile.nl\/csm\/wp-content\/uploads\/kwaliteit-265x270.jpg 265w\" sizes=\"auto, (max-width: 374px) 100vw, 374px\" \/><\/figure>\n<\/div>\n<\/div>\n<\/div>\n","protected":false},"excerpt":{"rendered":"<p>Kiezen voor kwaliteit Daniella Schaap, is kwaliteits geregistreerd. Is aangesloten bij de beroepsorganisatie, de Nederlandse Vereniging van Mondhygi\u00ebnisten (NVM), lid [&hellip;]<\/p>\n","protected":false},"author":3,"featured_media":0,"parent":0,"menu_order":0,"comment_status":"closed","ping_status":"closed","template":"","meta":{"site-sidebar-layout":"default","site-content-layout":"","ast-site-content-layout":"default","site-content-style":"default","site-sidebar-style":"default","ast-global-header-display":"","ast-banner-title-visibility":"","ast-main-header-display":"","ast-hfb-above-header-display":"","ast-hfb-below-header-display":"","ast-hfb-mobile-header-display":"","site-post-title":"disabled","ast-breadcrumbs-content":"","ast-featured-img":"","footer-sml-layout":"","ast-disable-related-posts":"","theme-transparent-header-meta":"","adv-header-id-meta":"","stick-header-meta":"","header-above-stick-meta":"","header-main-stick-meta":"","header-below-stick-meta":"","astra-migrate-meta-layouts":"default","ast-page-background-enabled":"default","ast-page-background-meta":{"desktop":{"background-color":"var(--ast-global-color-5)","background-image":"","background-repeat":"repeat","background-position":"center center","background-size":"auto","background-attachment":"scroll","background-type":"","background-media":"","overlay-type":"","overlay-color":"","overlay-opacity":"","overlay-gradient":""},"tablet":{"background-color":"","background-image":"","background-repeat":"repeat","background-position":"center center","background-size":"auto","background-attachment":"scroll","background-type":"","background-media":"","overlay-type":"","overlay-color":"","overlay-opacity":"","overlay-gradient":""},"mobile":{"background-color":"","background-image":"","background-repeat":"repeat","background-position":"center center","background-size":"auto","background-attachment":"scroll","background-type":"","background-media":"","overlay-type":"","overlay-color":"","overlay-opacity":"","overlay-gradient":""}},"ast-content-background-meta":{"desktop":{"background-color":"var(--ast-global-color-4)","background-image":"","background-repeat":"repeat","background-position":"center center","background-size":"auto","background-attachment":"scroll","background-type":"","background-media":"","overlay-type":"","overlay-color":"","overlay-opacity":"","overlay-gradient":""},"tablet":{"background-color":"var(--ast-global-color-4)","background-image":"","background-repeat":"repeat","background-position":"center center","background-size":"auto","background-attachment":"scroll","background-type":"","background-media":"","overlay-type":"","overlay-color":"","overlay-opacity":"","overlay-gradient":""},"mobile":{"background-color":"var(--ast-global-color-4)","background-image":"","background-repeat":"repeat","background-position":"center center","background-size":"auto","background-attachment":"scroll","background-type":"","background-media":"","overlay-type":"","overlay-color":"","overlay-opacity":"","overlay-gradient":""}},"_glsr_average":0,"_glsr_ranking":0,"_glsr_reviews":0,"footnotes":""},"class_list":["post-857","page","type-page","status-publish","hentry"],"featured_image_src":null,"yoast_head":"<!-- This site is optimized with the Yoast SEO plugin v27.4 - https:\/\/yoast.com\/product\/yoast-seo-wordpress\/ -->\n<title>KWALITEIT IN MONDZORG | COLORSMILE Mondhygi\u00ebnepraktijk Best<\/title>\n<meta name=\"description\" content=\"Kwaliteit: Daniella Schaap, is kwaliteits geregistreed, aangesloten bij de beroepsorganisatie (NVM), lid Ivorenkruis, lid NVvP en het Kwaliteitsregister.\" \/>\n<meta name=\"robots\" content=\"index, follow, max-snippet:-1, max-image-preview:large, max-video-preview:-1\" \/>\n<link rel=\"canonical\" href=\"https:\/\/colorsmile.nl\/csm\/kwaliteit\/\" \/>\n<meta property=\"og:locale\" content=\"nl_NL\" \/>\n<meta property=\"og:type\" content=\"article\" \/>\n<meta property=\"og:title\" content=\"KWALITEIT IN MONDZORG | COLORSMILE Mondhygi\u00ebnepraktijk Best\" \/>\n<meta property=\"og:description\" content=\"Kwaliteit: Daniella Schaap, is kwaliteits geregistreed, aangesloten bij de beroepsorganisatie (NVM), lid Ivorenkruis, lid NVvP en het Kwaliteitsregister.\" \/>\n<meta property=\"og:url\" content=\"https:\/\/colorsmile.nl\/csm\/kwaliteit\/\" \/>\n<meta property=\"og:site_name\" content=\"Praktijk voor Mondhygi\u00ebne, Daniella Schaap\" \/>\n<meta property=\"article:modified_time\" content=\"2026-01-18T18:51:42+00:00\" \/>\n<meta property=\"og:image\" content=\"https:\/\/colorsmile.nl\/csm\/wp-content\/uploads\/Colorsmile-logo-kl.png\" \/>\n\t<meta property=\"og:image:width\" content=\"500\" \/>\n\t<meta property=\"og:image:height\" content=\"90\" \/>\n\t<meta property=\"og:image:type\" content=\"image\/png\" \/>\n<meta name=\"twitter:card\" content=\"summary_large_image\" \/>\n<meta name=\"twitter:label1\" content=\"Geschatte leestijd\" \/>\n\t<meta name=\"twitter:data1\" content=\"3 minuten\" \/>\n<script type=\"application\/ld+json\" class=\"yoast-schema-graph\">{\"@context\":\"https:\\\/\\\/schema.org\",\"@graph\":[{\"@type\":\"WebPage\",\"@id\":\"https:\\\/\\\/colorsmile.nl\\\/csm\\\/kwaliteit\\\/\",\"url\":\"https:\\\/\\\/colorsmile.nl\\\/csm\\\/kwaliteit\\\/\",\"name\":\"KWALITEIT IN MONDZORG | COLORSMILE Mondhygi\u00ebnepraktijk Best\",\"isPartOf\":{\"@id\":\"https:\\\/\\\/colorsmile.nl\\\/csm\\\/#website\"},\"primaryImageOfPage\":{\"@id\":\"https:\\\/\\\/colorsmile.nl\\\/csm\\\/kwaliteit\\\/#primaryimage\"},\"image\":{\"@id\":\"https:\\\/\\\/colorsmile.nl\\\/csm\\\/kwaliteit\\\/#primaryimage\"},\"thumbnailUrl\":\"https:\\\/\\\/colorsmile.nl\\\/csm\\\/wp-content\\\/uploads\\\/Colorsmile-logo-kl.png\",\"datePublished\":\"2013-10-16T19:52:01+00:00\",\"dateModified\":\"2026-01-18T18:51:42+00:00\",\"description\":\"Kwaliteit: Daniella Schaap, is kwaliteits geregistreed, aangesloten bij de beroepsorganisatie (NVM), lid Ivorenkruis, lid NVvP en het Kwaliteitsregister.\",\"breadcrumb\":{\"@id\":\"https:\\\/\\\/colorsmile.nl\\\/csm\\\/kwaliteit\\\/#breadcrumb\"},\"inLanguage\":\"nl-NL\",\"potentialAction\":[{\"@type\":\"ReadAction\",\"target\":[\"https:\\\/\\\/colorsmile.nl\\\/csm\\\/kwaliteit\\\/\"]}]},{\"@type\":\"ImageObject\",\"inLanguage\":\"nl-NL\",\"@id\":\"https:\\\/\\\/colorsmile.nl\\\/csm\\\/kwaliteit\\\/#primaryimage\",\"url\":\"https:\\\/\\\/colorsmile.nl\\\/csm\\\/wp-content\\\/uploads\\\/Colorsmile-logo-kl.png\",\"contentUrl\":\"https:\\\/\\\/colorsmile.nl\\\/csm\\\/wp-content\\\/uploads\\\/Colorsmile-logo-kl.png\",\"width\":500,\"height\":90},{\"@type\":\"BreadcrumbList\",\"@id\":\"https:\\\/\\\/colorsmile.nl\\\/csm\\\/kwaliteit\\\/#breadcrumb\",\"itemListElement\":[{\"@type\":\"ListItem\",\"position\":1,\"name\":\"Home\",\"item\":\"https:\\\/\\\/colorsmile.nl\\\/csm\\\/\"},{\"@type\":\"ListItem\",\"position\":2,\"name\":\"Kwaliteit\"}]},{\"@type\":\"WebSite\",\"@id\":\"https:\\\/\\\/colorsmile.nl\\\/csm\\\/#website\",\"url\":\"https:\\\/\\\/colorsmile.nl\\\/csm\\\/\",\"name\":\"Praktijk voor Mondhygi\u00ebne, Daniella Schaap\",\"description\":\"Damvelden 6, 5685 JE  BEST \\\/ info@colorsmile.nl\",\"publisher\":{\"@id\":\"https:\\\/\\\/colorsmile.nl\\\/csm\\\/#\\\/schema\\\/person\\\/be5004fedbad9402d0ae19dfc963cdca\"},\"alternateName\":\"Colorsmile - Daniella Schaap\",\"potentialAction\":[{\"@type\":\"SearchAction\",\"target\":{\"@type\":\"EntryPoint\",\"urlTemplate\":\"https:\\\/\\\/colorsmile.nl\\\/csm\\\/?s={search_term_string}\"},\"query-input\":{\"@type\":\"PropertyValueSpecification\",\"valueRequired\":true,\"valueName\":\"search_term_string\"}}],\"inLanguage\":\"nl-NL\"},{\"@type\":[\"Person\",\"Organization\"],\"@id\":\"https:\\\/\\\/colorsmile.nl\\\/csm\\\/#\\\/schema\\\/person\\\/be5004fedbad9402d0ae19dfc963cdca\",\"name\":\"Daniella Schaap\",\"image\":{\"@type\":\"ImageObject\",\"inLanguage\":\"nl-NL\",\"@id\":\"https:\\\/\\\/colorsmile.nl\\\/csm\\\/wp-content\\\/uploads\\\/HEADERLOGO1COLORSMILE-3.png\",\"url\":\"https:\\\/\\\/colorsmile.nl\\\/csm\\\/wp-content\\\/uploads\\\/HEADERLOGO1COLORSMILE-3.png\",\"contentUrl\":\"https:\\\/\\\/colorsmile.nl\\\/csm\\\/wp-content\\\/uploads\\\/HEADERLOGO1COLORSMILE-3.png\",\"width\":1915,\"height\":323,\"caption\":\"Daniella Schaap\"},\"logo\":{\"@id\":\"https:\\\/\\\/colorsmile.nl\\\/csm\\\/wp-content\\\/uploads\\\/HEADERLOGO1COLORSMILE-3.png\"}}]}<\/script>\n<!-- \/ Yoast SEO plugin. -->","yoast_head_json":{"title":"KWALITEIT IN MONDZORG | COLORSMILE Mondhygi\u00ebnepraktijk Best","description":"Kwaliteit: Daniella Schaap, is kwaliteits geregistreed, aangesloten bij de beroepsorganisatie (NVM), lid Ivorenkruis, lid NVvP en het Kwaliteitsregister.","robots":{"index":"index","follow":"follow","max-snippet":"max-snippet:-1","max-image-preview":"max-image-preview:large","max-video-preview":"max-video-preview:-1"},"canonical":"https:\/\/colorsmile.nl\/csm\/kwaliteit\/","og_locale":"nl_NL","og_type":"article","og_title":"KWALITEIT IN MONDZORG | COLORSMILE Mondhygi\u00ebnepraktijk Best","og_description":"Kwaliteit: Daniella Schaap, is kwaliteits geregistreed, aangesloten bij de beroepsorganisatie (NVM), lid Ivorenkruis, lid NVvP en het Kwaliteitsregister.","og_url":"https:\/\/colorsmile.nl\/csm\/kwaliteit\/","og_site_name":"Praktijk voor Mondhygi\u00ebne, Daniella Schaap","article_modified_time":"2026-01-18T18:51:42+00:00","og_image":[{"width":500,"height":90,"url":"https:\/\/colorsmile.nl\/csm\/wp-content\/uploads\/Colorsmile-logo-kl.png","type":"image\/png"}],"twitter_card":"summary_large_image","twitter_misc":{"Geschatte leestijd":"3 minuten"},"schema":{"@context":"https:\/\/schema.org","@graph":[{"@type":"WebPage","@id":"https:\/\/colorsmile.nl\/csm\/kwaliteit\/","url":"https:\/\/colorsmile.nl\/csm\/kwaliteit\/","name":"KWALITEIT IN MONDZORG | COLORSMILE Mondhygi\u00ebnepraktijk Best","isPartOf":{"@id":"https:\/\/colorsmile.nl\/csm\/#website"},"primaryImageOfPage":{"@id":"https:\/\/colorsmile.nl\/csm\/kwaliteit\/#primaryimage"},"image":{"@id":"https:\/\/colorsmile.nl\/csm\/kwaliteit\/#primaryimage"},"thumbnailUrl":"https:\/\/colorsmile.nl\/csm\/wp-content\/uploads\/Colorsmile-logo-kl.png","datePublished":"2013-10-16T19:52:01+00:00","dateModified":"2026-01-18T18:51:42+00:00","description":"Kwaliteit: Daniella Schaap, is kwaliteits geregistreed, aangesloten bij de beroepsorganisatie (NVM), lid Ivorenkruis, lid NVvP en het Kwaliteitsregister.","breadcrumb":{"@id":"https:\/\/colorsmile.nl\/csm\/kwaliteit\/#breadcrumb"},"inLanguage":"nl-NL","potentialAction":[{"@type":"ReadAction","target":["https:\/\/colorsmile.nl\/csm\/kwaliteit\/"]}]},{"@type":"ImageObject","inLanguage":"nl-NL","@id":"https:\/\/colorsmile.nl\/csm\/kwaliteit\/#primaryimage","url":"https:\/\/colorsmile.nl\/csm\/wp-content\/uploads\/Colorsmile-logo-kl.png","contentUrl":"https:\/\/colorsmile.nl\/csm\/wp-content\/uploads\/Colorsmile-logo-kl.png","width":500,"height":90},{"@type":"BreadcrumbList","@id":"https:\/\/colorsmile.nl\/csm\/kwaliteit\/#breadcrumb","itemListElement":[{"@type":"ListItem","position":1,"name":"Home","item":"https:\/\/colorsmile.nl\/csm\/"},{"@type":"ListItem","position":2,"name":"Kwaliteit"}]},{"@type":"WebSite","@id":"https:\/\/colorsmile.nl\/csm\/#website","url":"https:\/\/colorsmile.nl\/csm\/","name":"Praktijk voor Mondhygi\u00ebne, Daniella Schaap","description":"Damvelden 6, 5685 JE  BEST \/ info@colorsmile.nl","publisher":{"@id":"https:\/\/colorsmile.nl\/csm\/#\/schema\/person\/be5004fedbad9402d0ae19dfc963cdca"},"alternateName":"Colorsmile - Daniella Schaap","potentialAction":[{"@type":"SearchAction","target":{"@type":"EntryPoint","urlTemplate":"https:\/\/colorsmile.nl\/csm\/?s={search_term_string}"},"query-input":{"@type":"PropertyValueSpecification","valueRequired":true,"valueName":"search_term_string"}}],"inLanguage":"nl-NL"},{"@type":["Person","Organization"],"@id":"https:\/\/colorsmile.nl\/csm\/#\/schema\/person\/be5004fedbad9402d0ae19dfc963cdca","name":"Daniella Schaap","image":{"@type":"ImageObject","inLanguage":"nl-NL","@id":"https:\/\/colorsmile.nl\/csm\/wp-content\/uploads\/HEADERLOGO1COLORSMILE-3.png","url":"https:\/\/colorsmile.nl\/csm\/wp-content\/uploads\/HEADERLOGO1COLORSMILE-3.png","contentUrl":"https:\/\/colorsmile.nl\/csm\/wp-content\/uploads\/HEADERLOGO1COLORSMILE-3.png","width":1915,"height":323,"caption":"Daniella Schaap"},"logo":{"@id":"https:\/\/colorsmile.nl\/csm\/wp-content\/uploads\/HEADERLOGO1COLORSMILE-3.png"}}]}},"_links":{"self":[{"href":"https:\/\/colorsmile.nl\/csm\/wp-json\/wp\/v2\/pages\/857","targetHints":{"allow":["GET"]}}],"collection":[{"href":"https:\/\/colorsmile.nl\/csm\/wp-json\/wp\/v2\/pages"}],"about":[{"href":"https:\/\/colorsmile.nl\/csm\/wp-json\/wp\/v2\/types\/page"}],"author":[{"embeddable":true,"href":"https:\/\/colorsmile.nl\/csm\/wp-json\/wp\/v2\/users\/3"}],"replies":[{"embeddable":true,"href":"https:\/\/colorsmile.nl\/csm\/wp-json\/wp\/v2\/comments?post=857"}],"version-history":[{"count":8,"href":"https:\/\/colorsmile.nl\/csm\/wp-json\/wp\/v2\/pages\/857\/revisions"}],"predecessor-version":[{"id":8688,"href":"https:\/\/colorsmile.nl\/csm\/wp-json\/wp\/v2\/pages\/857\/revisions\/8688"}],"wp:attachment":[{"href":"https:\/\/colorsmile.nl\/csm\/wp-json\/wp\/v2\/media?parent=857"}],"curies":[{"name":"wp","href":"https:\/\/api.w.org\/{rel}","templated":true}]}}